{"id":15735,"date":"2021-01-27T14:49:25","date_gmt":"2021-01-27T13:49:25","guid":{"rendered":"https:\/\/www.euroservices-partner.com\/services\/cash-management-and-domiciliation\/"},"modified":"2021-02-02T15:10:48","modified_gmt":"2021-02-02T14:10:48","slug":"cash-management-and-domiciliation","status":"publish","type":"page","link":"https:\/\/www.euroservices-partner.com\/en\/services\/cash-management-and-domiciliation\/","title":{"rendered":"Cash Management and Domiciliation"},"content":{"rendered":"<p>[vc_row gap=&#8221;80&#8243; css=&#8221;.vc_custom_1591390784951{padding-top: 40px !important;padding-bottom: 40px !important;}&#8221;][vc_column width=&#8221;1\/2&#8243;]<h3 id=\"et-animated-title-1\" class=\"et-animated-title et-clearfix  words-direct\" data-mobile-font=\"24px\" data-tablet-font=\"32px\" data-delay=\"\" style=\"font-size:48px;font-weight:700;line-height:56px;color:#212121;\"><span class=\"text-wrapper\"><span class=\"text\">Cash Management &amp; Domiciliation<\/span><\/span><\/h3><div class=\"gap et-clearfix \" style=\"height:2px\"><\/div><h3 id=\"et-animated-title-2\" class=\"et-animated-title et-clearfix  letter-direct\" data-mobile-font=\"inherit\" data-tablet-font=\"inherit\" data-delay=\"200\" style=\"font-size:24px;font-weight:700;line-height:32px;color:#af1d52;\"><span class=\"text-wrapper\"><span class=\"text\">Accompagner votre croissance<\/span><\/span><\/h3><div class=\"gap et-clearfix \" style=\"height:32px\"><\/div><div class=\"et-simple-braket-block-wrapper\"><style>#et-simple-braket-block-1 .braket-text {font-size:24px;font-weight:400;line-height:32px;}#et-simple-braket-block-1 .braket > div  {background-color:#af1d52;}<\/style><div id=\"et-simple-braket-block-1\" class=\"et-simple-braket-block \"><div class=\"braket\"><div><\/div><div><\/div><div><\/div><\/div><div class=\"braket-text\" data-mobile-font=\"inherit\" data-tablet-font=\"inherit\">Euroservices Partner accompagne la d\u00e9veloppement de votre entreprise gr\u00e2ce \u00e0 ses solutions de gestion des commandes, factures et encaissements. Votre croissance n&#039;a plus de limites.<\/div><\/div><\/div><div class=\"gap et-clearfix \" style=\"height:32px\"><\/div>[vc_column_text]The development of a business into new markets and new distribution channels complicates the management of your sales administration and invoicing models. Although B2B and B2C flows have been automated, businesses commonly need to resort to manual order input, tracking, invoicing and bank reconciliation procedures. Euroservices Partner is there to help you through these new challenges.<\/p>\n<p>We offer domiciliation services to help companies get established or expand in the French market.[\/vc_column_text]<div class=\"gap et-clearfix \" style=\"height:32px\"><\/div>[\/vc_column][vc_column animation_delay=&#8221;0&#8243; width=&#8221;1\/2&#8243; css=&#8221;.vc_custom_1591390415454{border-radius: 1px !important;}&#8221; el_class=&#8221;et-element-column-with-border-left&#8221;]<div class=\"gap et-clearfix \" style=\"height:48px\"><\/div><div class=\"gap et-clearfix \" style=\"height:48px\"><\/div><div data-curtain=\"false\" data-preloader=\"false\" data-decoration=\"false\" data-decoration-size=\"small\" data-animation-delay=\"0\" data-parallax=\"false\" data-coordinatex=\"0\" data-coordinatey=\"0\" data-speed=\"1\" class=\"et-custom-image  alignnone overlay-none curtain-left\"><div class=\"overlay-hover\"><div class=\"image\"><div class=\"image-container\"><img width=\"916\" height=\"694\" src=\"https:\/\/www.euroservices-partner.com\/wp-content\/uploads\/2020\/11\/cashmanagement1.png\" alt=\"\"><\/div><\/div><\/div><\/div>[\/vc_column][\/vc_row][vc_row full_width=&#8221;stretch_row&#8221; gap=&#8221;0&#8243; css=&#8221;.vc_custom_1605464933032{padding-top: 72px !important;padding-bottom: 72px !important;background-color: rgba(186,160,155,0.15) !important;*background-color: rgb(186,160,155) !important;}&#8221;][vc_column]<div id=\"et-blockquote-1\" class=\"et-blockquote\"><div class=\"et-blockquote-inner\"><div class=\"image\"><img width=\"250\" height=\"249\" alt=\"\" src=\"https:\/\/www.euroservices-partner.com\/wp-content\/uploads\/2020\/11\/photo-team-Steph-e1605462724679.jpg\"><\/div><div class=\"quote\"><span class=\"quote-before\">&quot;<\/span>Chez Euroservices Partner, nous croyons qu&#039;aider nos clients \u00e0 se d\u00e9velopper en leur proposant des services compl\u00e9mentaires \u00e0 l&#039;offre logistique g\u00e9n\u00e8re de la valeur ajout\u00e9e pour tous.<span class=\"quote-after\">&quot;<\/span><\/div><\/div><h6 class=\"title\">St\u00e9phanie Starck<\/h6><p class=\"subtitle\">CEO Euroservices Partner<\/p><\/div>[\/vc_column][\/vc_row][vc_row][vc_column animation_delay=&#8221;0&#8243; width=&#8221;1\/2&#8243; css=&#8221;.vc_custom_1605617129416{padding-right: 48px !important;}&#8221;]<div class=\"gap et-clearfix \" style=\"height:96px\"><\/div><div data-curtain=\"false\" data-preloader=\"false\" data-decoration=\"false\" data-decoration-size=\"small\" data-animation-delay=\"0\" data-parallax=\"false\" data-coordinatex=\"0\" data-coordinatey=\"0\" data-speed=\"1\" class=\"et-custom-image  alignnone overlay-none curtain-left\"><div class=\"overlay-hover\"><div class=\"image\"><div class=\"image-container\"><img width=\"688\" height=\"653\" src=\"https:\/\/www.euroservices-partner.com\/wp-content\/uploads\/2020\/11\/cash2.png\" alt=\"\"><\/div><\/div><\/div><\/div>[\/vc_column][vc_column width=&#8221;1\/2&#8243;]<h6 class=\"et-highlight-title \" style=\"font-size:12px;font-weight:700;line-height:24px;letter-spacing:0.5px;color:#9a9a9a;\" data-mobile-font=\"inherit\" data-tablet-font=\"inherit\"><span class=\"title-inner\">Gestion des commandes<span class=\"highlight-line\" style=\"background-color:#af1d52;\"><\/span><\/span><\/h6>[vc_custom_heading text=&#8221;Let us handle your Sales Administration&#8221; font_container=&#8221;tag:h3|text_align:left&#8221; use_theme_fonts=&#8221;yes&#8221; el_class=&#8221;letter-spacing-50 feature-title&#8221; css=&#8221;.vc_custom_1605531963634{margin-bottom: 0px !important;}&#8221;]<div class=\"gap et-clearfix \" style=\"height:32px\"><\/div>[vc_column_text]To supplement your automated integration through your e-commerce or extranet sites, we manage your complementary order channels, by telephone, letter, fax or e-mail.<\/p>\n<p>Orders are entered directly into your ERP system or management software. We also handle communication with your customers by sending them order confirmations or delivery notes.[\/vc_column_text]<div class=\"gap et-clearfix \" style=\"height:32px\"><\/div><div class=\"gap et-clearfix \" style=\"height:32px\"><\/div><div class=\"gap et-clearfix \" style=\"height:32px\"><\/div><h6 class=\"et-highlight-title \" style=\"font-size:12px;font-weight:700;line-height:24px;letter-spacing:0.5px;color:#9a9a9a;\" data-mobile-font=\"inherit\" data-tablet-font=\"inherit\"><span class=\"title-inner\">Facturation<span class=\"highlight-line\" style=\"background-color:#af1d52;\"><\/span><\/span><\/h6>[vc_custom_heading text=&#8221;Reliable invoicing to reduce non-payments&#8221; font_container=&#8221;tag:h3|text_align:left&#8221; use_theme_fonts=&#8221;yes&#8221;]<div class=\"gap et-clearfix \" style=\"height:32px\"><\/div>[vc_column_text]Our Sales Administration team carries out all standard invoicing operations directly from your systems. For example, converting a delivery note or a quotation into an invoice.<\/p>\n<p>Euroservices Partner also issues, prints and sends your invoices by post, e-mail or using an EDM system. For operations to send out bulk printed invoices, we have an advanced high-speed envelope stuffing system (more than 2,000 letters per hour)[\/vc_column_text]<div class=\"gap et-clearfix \" style=\"height:32px\"><\/div>[\/vc_column][\/vc_row][vc_row][vc_column width=&#8221;1\/2&#8243;]<h6 class=\"et-highlight-title \" style=\"font-size:12px;font-weight:700;line-height:24px;letter-spacing:0.5px;color:#9a9a9a;\" data-mobile-font=\"inherit\" data-tablet-font=\"inherit\"><span class=\"title-inner\">Cash Management<span class=\"highlight-line\" style=\"background-color:#af1d52;\"><\/span><\/span><\/h6>[vc_custom_heading text=&#8221;Receipts, refunds and bank reconciliation&#8221; font_container=&#8221;tag:h3|text_align:left&#8221; use_theme_fonts=&#8221;yes&#8221;]<div class=\"gap et-clearfix \" style=\"height:32px\"><\/div>[vc_column_text]By entrusting tracking of your receipts to Euroservices Partner, you simplify your monthly accounting transactions. We reconcile your cash flow by payment method or flow type (payment, refund).<\/p>\n<p>We also monitor payment deadlines and can remind customers on your behalf.<\/p>\n<p>Finally, we can help you prepare your tax returns or good exchange declarations.[\/vc_column_text]<div class=\"gap et-clearfix \" style=\"height:32px\"><\/div>[\/vc_column][vc_column width=&#8221;1\/2&#8243;]<div data-curtain=\"false\" data-preloader=\"false\" data-decoration=\"false\" data-decoration-size=\"small\" data-animation-delay=\"0\" data-parallax=\"false\" data-coordinatex=\"0\" data-coordinatey=\"0\" data-speed=\"1\" class=\"et-custom-image  alignnone overlay-none curtain-left\"><div class=\"overlay-hover\"><div class=\"image\"><div class=\"image-container\"><img width=\"5153\" height=\"5153\" src=\"https:\/\/www.euroservices-partner.com\/wp-content\/uploads\/2020\/11\/cash3.png\" alt=\"\"><\/div><\/div><\/div><\/div><div class=\"gap et-clearfix \" style=\"height:96px\"><\/div>[\/vc_column][\/vc_row][vc_row][vc_column width=&#8221;1\/2&#8243;]<div data-curtain=\"false\" data-preloader=\"false\" data-decoration=\"false\" data-decoration-size=\"small\" data-animation-delay=\"0\" data-parallax=\"false\" data-coordinatex=\"0\" data-coordinatey=\"0\" data-speed=\"1\" class=\"et-custom-image  alignnone overlay-none curtain-left\"><div class=\"overlay-hover\"><div class=\"image\"><div class=\"image-container\"><img width=\"658\" height=\"621\" src=\"https:\/\/www.euroservices-partner.com\/wp-content\/uploads\/2020\/11\/cash4.png\" alt=\"\"><\/div><\/div><\/div><\/div>[\/vc_column][vc_column width=&#8221;1\/2&#8243;]<h6 class=\"et-highlight-title \" style=\"font-size:12px;font-weight:700;line-height:24px;letter-spacing:0.5px;color:#9a9a9a;\" data-mobile-font=\"inherit\" data-tablet-font=\"inherit\"><span class=\"title-inner\">Domiciliation<span class=\"highlight-line\" style=\"background-color:#af1d52;\"><\/span><\/span><\/h6>[vc_custom_heading text=&#8221;Establish your business quickly&#8221; font_container=&#8221;tag:h3|text_align:left&#8221; use_theme_fonts=&#8221;yes&#8221;]<div class=\"gap et-clearfix \" style=\"height:32px\"><\/div>[vc_column_text]Using our registered office domiciliation service, you will easily be able to register your business or subsidiary in France.<\/p>\n<p>We also offer simple postal address domiciliation if you are established in premises unable to receive letters or parcels.<\/p>\n<p>Finally, using our specialised customs partners, we can become your fiscal agent or fiscal representative for imports of goods from outside the EU.[\/vc_column_text]<div class=\"gap et-clearfix \" style=\"height:32px\"><\/div>[\/vc_column][\/vc_row][vc_row full_width=&#8221;stretch_row&#8221; gap=&#8221;0&#8243; css=&#8221;.vc_custom_1599510605630{padding-top: 96px !important;padding-bottom: 56px !important;background: #af1d52 url(\/wp-content\/uploads\/2020\/08\/globus_image_small-ESV.jpg?id=14171) !important;background-position: center !important;background-repeat: no-repeat !important;background-size: cover !important;}&#8221;][vc_column animation_delay=&#8221;0&#8243; el_class=&#8221;quotation-button-dark quotation-button-hover-white textarea-big&#8221;]<h6 class=\"et-highlight-title \" style=\"font-size:12px;font-weight:700;line-height:24px;letter-spacing:0.5px;color:#ffffff;\" data-mobile-font=\"inherit\" data-tablet-font=\"inherit\"><span class=\"title-inner\">Simple &amp; rapide<span class=\"highlight-line\" style=\"\"><\/span><\/span><\/h6><h3 id=\"et-animated-title-3\" class=\"et-animated-title et-clearfix  words-direct\" data-mobile-font=\"32px\" data-tablet-font=\"inherit\" data-delay=\"100\" style=\"font-size:48px;font-weight:700;line-height:56px;color:#ffffff;\"><span class=\"text-wrapper\"><span class=\"text\">Demandez un devis<\/span><\/span><\/h3><div class=\"gap et-clearfix \" style=\"height:56px\"><\/div><div role=\"form\" class=\"wpcf7\" id=\"wpcf7-f13960-o1\" lang=\"fr-FR\" dir=\"ltr\">\n<div class=\"screen-reader-response\"><p role=\"status\" aria-live=\"polite\" aria-atomic=\"true\"><\/p> <ul><\/ul><\/div>\n<form action=\"\/en\/wp-json\/wp\/v2\/pages\/15735#wpcf7-f13960-o1\" method=\"post\" class=\"wpcf7-form init\" novalidate=\"novalidate\" data-status=\"init\">\n<div style=\"display: none;\">\n<input type=\"hidden\" name=\"_wpcf7\" value=\"13960\" \/>\n<input type=\"hidden\" name=\"_wpcf7_version\" value=\"5.5.6\" \/>\n<input type=\"hidden\" name=\"_wpcf7_locale\" value=\"fr_FR\" \/>\n<input type=\"hidden\" name=\"_wpcf7_unit_tag\" value=\"wpcf7-f13960-o1\" \/>\n<input type=\"hidden\" name=\"_wpcf7_container_post\" value=\"0\" \/>\n<input type=\"hidden\" name=\"_wpcf7_posted_data_hash\" value=\"\" \/>\n<input type=\"hidden\" name=\"_wpcf7_recaptcha_response\" value=\"\" \/>\n<\/div>\n<div class=\"inline-row et-clearfix\" style=\"margin:0px -12px 0px -12px;\"><div class=\"inline-column et-clearfix\" style=\"width:50%; padding:0px 12px 0px 12px;\"><span class=\"wpcf7-form-control-wrap client-name\"><input type=\"text\" name=\"client-name\" value=\"\" size=\"40\" class=\"wpcf7-form-control wpcf7-text wpcf7-validates-as-required\" aria-required=\"true\" aria-invalid=\"false\" placeholder=\"Nom\" \/><\/span><\/div><div class=\"inline-column et-clearfix\" style=\"width:50%; padding:0px 12px 0px 12px;\"><span class=\"wpcf7-form-control-wrap expe-mensuelles\"><select name=\"expe-mensuelles\" class=\"wpcf7-form-control wpcf7-select wpcf7-validates-as-required\" aria-required=\"true\" aria-invalid=\"false\"><option value=\"Exp\u00e9ditions mensuelles\">Exp\u00e9ditions mensuelles<\/option><option value=\"Site en cours de lancement\">Site en cours de lancement<\/option><option value=\"&lt;500\">&lt;500<\/option><option value=\"&lt;1000\">&lt;1000<\/option><option value=\"&lt;3000\">&lt;3000<\/option><option value=\"&gt;3000\">&gt;3000<\/option><\/select><\/span><\/div><\/div><div class=\"inline-row et-clearfix\" style=\"margin:0px -12px 0px -12px;\"><div class=\"inline-column et-clearfix\" style=\"width:50%; padding:0px 12px 0px 12px;\"><span class=\"wpcf7-form-control-wrap website\"><input type=\"text\" name=\"website\" value=\"\" size=\"40\" class=\"wpcf7-form-control wpcf7-text wpcf7-validates-as-required\" aria-required=\"true\" aria-invalid=\"false\" placeholder=\"Website\" \/><\/span><\/div><div class=\"inline-column et-clearfix\" style=\"width:50%; padding:0px 12px 0px 12px;\"><span class=\"wpcf7-form-control-wrap email\"><input type=\"text\" name=\"email\" value=\"\" size=\"40\" class=\"wpcf7-form-control wpcf7-text wpcf7-validates-as-required\" aria-required=\"true\" aria-invalid=\"false\" placeholder=\"Email\" \/><\/span><\/div><\/div><div class=\"inline-row et-clearfix\" style=\"margin:0px -12px 0px -12px;\"><div class=\"inline-column et-clearfix\" style=\"width:50%; padding:0px 12px 0px 12px;\"><span class=\"wpcf7-form-control-wrap company\"><input type=\"text\" name=\"company\" value=\"\" size=\"40\" class=\"wpcf7-form-control wpcf7-text wpcf7-validates-as-required\" aria-required=\"true\" aria-invalid=\"false\" placeholder=\"Entreprise\" \/><\/span><\/div><div class=\"inline-column et-clearfix\" style=\"width:50%; padding:0px 12px 0px 12px;\"><span class=\"wpcf7-form-control-wrap tel\"><input type=\"tel\" name=\"tel\" value=\"\" size=\"40\" class=\"wpcf7-form-control wpcf7-text wpcf7-tel wpcf7-validates-as-required wpcf7-validates-as-tel\" aria-required=\"true\" aria-invalid=\"false\" placeholder=\"+33 1 00 00 00 00\" \/><\/span><\/div><\/div><div class=\"inline-row et-clearfix\" style=\"margin:0px -12px 0px -12px;\"><div class=\"inline-column et-clearfix\" style=\"width:100%; padding:0px 12px 0px 12px;\"><span class=\"wpcf7-form-control-wrap CMS-type\"><input type=\"text\" name=\"CMS-type\" value=\"\" size=\"40\" class=\"wpcf7-form-control wpcf7-text wpcf7-validates-as-required\" aria-required=\"true\" aria-invalid=\"false\" placeholder=\"Plateforme CMS \/ ERP\" \/><\/span><\/div><div class=\"inline-column et-clearfix\" style=\"width:100%; padding:0px 12px 0px 12px;\"><span class=\"wpcf7-form-control-wrap additional\"><textarea name=\"additional\" cols=\"40\" rows=\"10\" class=\"wpcf7-form-control wpcf7-textarea\" aria-invalid=\"false\" placeholder=\"Commentaire\"><\/textarea><\/span><\/div><div class=\"inline-column et-clearfix\" style=\"width:100%; padding:0px 12px 0px 12px;\"><input type=\"submit\" value=\"Demander un devis\" class=\"wpcf7-form-control has-spinner wpcf7-submit\" \/><\/div><\/div>\n<div class=\"wpcf7-response-output\" aria-hidden=\"true\"><\/div><\/form><\/div>[\/vc_column][\/vc_row]<\/p>\n","protected":false},"excerpt":{"rendered":"<p>[vc_row gap=&#8221;80&#8243; css=&#8221;.vc_custom_1591390784951{padding-top: 40px !important;padding-bottom: 40px !important;}&#8221;][vc_column width=&#8221;1\/2&#8243;][vc_column_text]The development of a business into new markets and new distribution channels complicates the management of your sales administration and invoicing models. Although B2B and B2C flows have been automated, businesses commonly need to resort to manual order input, tracking, invoicing and bank reconciliation procedures. Euroservices Partner is [&hellip;]<\/p>\n","protected":false},"author":1,"featured_media":0,"parent":15695,"menu_order":0,"comment_status":"closed","ping_status":"closed","template":"page-vc.php","meta":[],"yoast_head":"<!-- This site is optimized with the Yoast SEO plugin v18.3 - https:\/\/yoast.com\/wordpress\/plugins\/seo\/ -->\n<title>Cash Management and Domiciliation | Euroservices Partner<\/title>\n<meta name=\"robots\" content=\"index, follow, max-snippet:-1, max-image-preview:large, max-video-preview:-1\" \/>\n<link rel=\"canonical\" href=\"https:\/\/www.euroservices-partner.com\/en\/services\/cash-management-and-domiciliation\/\" \/>\n<meta property=\"og:locale\" content=\"en_US\" \/>\n<meta property=\"og:type\" content=\"article\" \/>\n<meta property=\"og:title\" content=\"Cash Management and Domiciliation | Euroservices Partner\" \/>\n<meta property=\"og:description\" content=\"[vc_row gap=&#8221;80&#8243; css=&#8221;.vc_custom_1591390784951{padding-top: 40px !important;padding-bottom: 40px !important;}&#8221;][vc_column width=&#8221;1\/2&#8243;][vc_column_text]The development of a business into new markets and new distribution channels complicates the management of your sales administration and invoicing models. Although B2B and B2C flows have been automated, businesses commonly need to resort to manual order input, tracking, invoicing and bank reconciliation procedures. Euroservices Partner is [&hellip;]\" \/>\n<meta property=\"og:url\" content=\"https:\/\/www.euroservices-partner.com\/en\/services\/cash-management-and-domiciliation\/\" \/>\n<meta property=\"og:site_name\" content=\"Euroservices Partner\" \/>\n<meta property=\"article:modified_time\" content=\"2021-02-02T14:10:48+00:00\" \/>\n<meta name=\"twitter:card\" content=\"summary_large_image\" \/>\n<meta name=\"twitter:label1\" content=\"Est. reading time\" \/>\n\t<meta name=\"twitter:data1\" content=\"4 minutes\" \/>\n<script type=\"application\/ld+json\" class=\"yoast-schema-graph\">{\"@context\":\"https:\/\/schema.org\",\"@graph\":[{\"@type\":\"Organization\",\"@id\":\"https:\/\/www.euroservices-partner.com\/#organization\",\"name\":\"Euroservices Partner\",\"url\":\"https:\/\/www.euroservices-partner.com\/\",\"sameAs\":[],\"logo\":{\"@type\":\"ImageObject\",\"@id\":\"https:\/\/www.euroservices-partner.com\/#logo\",\"inLanguage\":\"en-US\",\"url\":\"https:\/\/www.euroservices-partner.com\/wp-content\/uploads\/2020\/07\/logo-ESV-V2-Quadri-mobile-retina.png\",\"contentUrl\":\"https:\/\/www.euroservices-partner.com\/wp-content\/uploads\/2020\/07\/logo-ESV-V2-Quadri-mobile-retina.png\",\"width\":196,\"height\":100,\"caption\":\"Euroservices Partner\"},\"image\":{\"@id\":\"https:\/\/www.euroservices-partner.com\/#logo\"}},{\"@type\":\"WebSite\",\"@id\":\"https:\/\/www.euroservices-partner.com\/#website\",\"url\":\"https:\/\/www.euroservices-partner.com\/\",\"name\":\"Euroservices Partner\",\"description\":\"Votre partenaire logistique ecommerce en Alsace\",\"publisher\":{\"@id\":\"https:\/\/www.euroservices-partner.com\/#organization\"},\"potentialAction\":[{\"@type\":\"SearchAction\",\"target\":{\"@type\":\"EntryPoint\",\"urlTemplate\":\"https:\/\/www.euroservices-partner.com\/?s={search_term_string}\"},\"query-input\":\"required name=search_term_string\"}],\"inLanguage\":\"en-US\"},{\"@type\":\"WebPage\",\"@id\":\"https:\/\/www.euroservices-partner.com\/en\/services\/cash-management-and-domiciliation\/#webpage\",\"url\":\"https:\/\/www.euroservices-partner.com\/en\/services\/cash-management-and-domiciliation\/\",\"name\":\"Cash Management and Domiciliation | Euroservices Partner\",\"isPartOf\":{\"@id\":\"https:\/\/www.euroservices-partner.com\/#website\"},\"datePublished\":\"2021-01-27T13:49:25+00:00\",\"dateModified\":\"2021-02-02T14:10:48+00:00\",\"breadcrumb\":{\"@id\":\"https:\/\/www.euroservices-partner.com\/en\/services\/cash-management-and-domiciliation\/#breadcrumb\"},\"inLanguage\":\"en-US\",\"potentialAction\":[{\"@type\":\"ReadAction\",\"target\":[\"https:\/\/www.euroservices-partner.com\/en\/services\/cash-management-and-domiciliation\/\"]}]},{\"@type\":\"BreadcrumbList\",\"@id\":\"https:\/\/www.euroservices-partner.com\/en\/services\/cash-management-and-domiciliation\/#breadcrumb\",\"itemListElement\":[{\"@type\":\"ListItem\",\"position\":1,\"name\":\"Accueil\",\"item\":\"https:\/\/www.euroservices-partner.com\/en\/\"},{\"@type\":\"ListItem\",\"position\":2,\"name\":\"Services\",\"item\":\"https:\/\/www.euroservices-partner.com\/en\/services\/\"},{\"@type\":\"ListItem\",\"position\":3,\"name\":\"Cash Management and Domiciliation\"}]}]}<\/script>\n<!-- \/ Yoast SEO plugin. -->","yoast_head_json":{"title":"Cash Management and Domiciliation | Euroservices Partner","robots":{"index":"index","follow":"follow","max-snippet":"max-snippet:-1","max-image-preview":"max-image-preview:large","max-video-preview":"max-video-preview:-1"},"canonical":"https:\/\/www.euroservices-partner.com\/en\/services\/cash-management-and-domiciliation\/","og_locale":"en_US","og_type":"article","og_title":"Cash Management and Domiciliation | Euroservices Partner","og_description":"[vc_row gap=&#8221;80&#8243; css=&#8221;.vc_custom_1591390784951{padding-top: 40px !important;padding-bottom: 40px !important;}&#8221;][vc_column width=&#8221;1\/2&#8243;][vc_column_text]The development of a business into new markets and new distribution channels complicates the management of your sales administration and invoicing models. Although B2B and B2C flows have been automated, businesses commonly need to resort to manual order input, tracking, invoicing and bank reconciliation procedures. Euroservices Partner is [&hellip;]","og_url":"https:\/\/www.euroservices-partner.com\/en\/services\/cash-management-and-domiciliation\/","og_site_name":"Euroservices Partner","article_modified_time":"2021-02-02T14:10:48+00:00","twitter_card":"summary_large_image","twitter_misc":{"Est. reading time":"4 minutes"},"schema":{"@context":"https:\/\/schema.org","@graph":[{"@type":"Organization","@id":"https:\/\/www.euroservices-partner.com\/#organization","name":"Euroservices Partner","url":"https:\/\/www.euroservices-partner.com\/","sameAs":[],"logo":{"@type":"ImageObject","@id":"https:\/\/www.euroservices-partner.com\/#logo","inLanguage":"en-US","url":"https:\/\/www.euroservices-partner.com\/wp-content\/uploads\/2020\/07\/logo-ESV-V2-Quadri-mobile-retina.png","contentUrl":"https:\/\/www.euroservices-partner.com\/wp-content\/uploads\/2020\/07\/logo-ESV-V2-Quadri-mobile-retina.png","width":196,"height":100,"caption":"Euroservices Partner"},"image":{"@id":"https:\/\/www.euroservices-partner.com\/#logo"}},{"@type":"WebSite","@id":"https:\/\/www.euroservices-partner.com\/#website","url":"https:\/\/www.euroservices-partner.com\/","name":"Euroservices Partner","description":"Votre partenaire logistique ecommerce en Alsace","publisher":{"@id":"https:\/\/www.euroservices-partner.com\/#organization"},"potentialAction":[{"@type":"SearchAction","target":{"@type":"EntryPoint","urlTemplate":"https:\/\/www.euroservices-partner.com\/?s={search_term_string}"},"query-input":"required name=search_term_string"}],"inLanguage":"en-US"},{"@type":"WebPage","@id":"https:\/\/www.euroservices-partner.com\/en\/services\/cash-management-and-domiciliation\/#webpage","url":"https:\/\/www.euroservices-partner.com\/en\/services\/cash-management-and-domiciliation\/","name":"Cash Management and Domiciliation | Euroservices Partner","isPartOf":{"@id":"https:\/\/www.euroservices-partner.com\/#website"},"datePublished":"2021-01-27T13:49:25+00:00","dateModified":"2021-02-02T14:10:48+00:00","breadcrumb":{"@id":"https:\/\/www.euroservices-partner.com\/en\/services\/cash-management-and-domiciliation\/#breadcrumb"},"inLanguage":"en-US","potentialAction":[{"@type":"ReadAction","target":["https:\/\/www.euroservices-partner.com\/en\/services\/cash-management-and-domiciliation\/"]}]},{"@type":"BreadcrumbList","@id":"https:\/\/www.euroservices-partner.com\/en\/services\/cash-management-and-domiciliation\/#breadcrumb","itemListElement":[{"@type":"ListItem","position":1,"name":"Accueil","item":"https:\/\/www.euroservices-partner.com\/en\/"},{"@type":"ListItem","position":2,"name":"Services","item":"https:\/\/www.euroservices-partner.com\/en\/services\/"},{"@type":"ListItem","position":3,"name":"Cash Management and Domiciliation"}]}]}},"_links":{"self":[{"href":"https:\/\/www.euroservices-partner.com\/en\/wp-json\/wp\/v2\/pages\/15735"}],"collection":[{"href":"https:\/\/www.euroservices-partner.com\/en\/wp-json\/wp\/v2\/pages"}],"about":[{"href":"https:\/\/www.euroservices-partner.com\/en\/wp-json\/wp\/v2\/types\/page"}],"author":[{"embeddable":true,"href":"https:\/\/www.euroservices-partner.com\/en\/wp-json\/wp\/v2\/users\/1"}],"replies":[{"embeddable":true,"href":"https:\/\/www.euroservices-partner.com\/en\/wp-json\/wp\/v2\/comments?post=15735"}],"version-history":[{"count":4,"href":"https:\/\/www.euroservices-partner.com\/en\/wp-json\/wp\/v2\/pages\/15735\/revisions"}],"predecessor-version":[{"id":15775,"href":"https:\/\/www.euroservices-partner.com\/en\/wp-json\/wp\/v2\/pages\/15735\/revisions\/15775"}],"up":[{"embeddable":true,"href":"https:\/\/www.euroservices-partner.com\/en\/wp-json\/wp\/v2\/pages\/15695"}],"wp:attachment":[{"href":"https:\/\/www.euroservices-partner.com\/en\/wp-json\/wp\/v2\/media?parent=15735"}],"curies":[{"name":"wp","href":"https:\/\/api.w.org\/{rel}","templated":true}]}}